{"id":10324,"date":"2024-02-14T10:20:46","date_gmt":"2024-02-14T15:20:46","guid":{"rendered":"https:\/\/ebenezermuebles.com\/?post_type=product&#038;p=10324"},"modified":"2026-03-13T12:00:47","modified_gmt":"2026-03-13T17:00:47","slug":"silla-venecia","status":"publish","type":"product","link":"https:\/\/ebenezermuebles.com\/?product=silla-venecia","title":{"rendered":"Silla Venecia"},"content":{"rendered":"<p><span style=\"font-size: 110%;\"><em><strong>1. Hecho con Madera de Pino Reforestada:<\/strong><\/em><\/span><br \/>\nEn nuestro compromiso con la sostenibilidad, utilizamos exclusivamente madera de pino reforestada en la fabricaci\u00f3n de nuestros muebles. Cada pieza contribuye a la preservaci\u00f3n de los recursos forestales y refleja nuestra responsabilidad ambiental.<br \/>\n<span style=\"font-size: 110%;\"><em><strong>2. Espumas de Altas Densidades:<\/strong><\/em><\/span><br \/>\nLa comodidad es una prioridad. Nuestros muebles est\u00e1n equipados con espumas de altas densidades que proporcionan un soporte excepcional y una durabilidad a largo plazo.<br \/>\n<span style=\"font-size: 110%;\"><em><strong>3. Herrajes y Soportes de Primera Calidad:<\/strong><\/em><\/span><br \/>\nLa resistencia y la durabilidad son fundamentales. Utilizamos herrajes y soportes de primera calidad en cada uno de nuestros muebles para garantizar la integridad estructural.<br \/>\n<span style=\"font-size: 110%;\"><strong><em>4. Artesan\u00eda Excepcional:<\/em><\/strong><\/span><br \/>\nCada mueble que sale de nuestra f\u00e1brica es una obra maestra de artesan\u00eda. Nuestros artesanos altamente calificados dedican su experiencia y atenci\u00f3n al detalle en cada etapa del proceso de fabricaci\u00f3n, asegurando que cada pieza sea una expresi\u00f3n de calidad y elegancia.<\/p>\n","protected":false},"excerpt":{"rendered":"<p><span style=\"font-size: 120%;\"><em><strong>Inspirada en la magia de los caf\u00e9s venecianos, esta silla es el lugar perfecto para perderse en pensamientos y conversaciones. Su dise\u00f1o minimalista es un homenaje a la belleza sin excesos, donde cada detalle es un gesto de refinamiento.<\/strong><\/em><\/span><\/p>\n<p>&nbsp;<\/p>\n<p>&nbsp;<\/p>\n<p>&nbsp;<\/p>\n<ul style=\"list-style-type: square;\">\n<li><span style=\"font-size: 90%;\">La imagen del mueble hace referencia al dise\u00f1o, no al color. <\/span><\/li>\n<li><span style=\"font-size: 90%;\">El color lo eliges entre las opciones que tenemos disponibles.<\/span><\/li>\n<li><span style=\"font-size: 90%;\">Tapizados disponibles: Cuero nacional 100 % natural \/ Tela.<\/span><\/li>\n<li><span style=\"font-size: 90%;\">Material patas: Madera.<\/span><\/li>\n<li><span style=\"font-size: 90%;\">Espumas de altas densidades.<\/span><\/li>\n<li><span style=\"font-size: 90%;\">Estructura: Madera de pino seca y reforestada.<\/span><\/li>\n<\/ul>\n","protected":false},"featured_media":20930,"template":"","meta":[],"product_brand":[],"product_cat":[161],"product_tag":[156],"class_list":{"0":"post-10324","1":"product","2":"type-product","3":"status-publish","4":"has-post-thumbnail","6":"product_cat-sillas-de-comedor","7":"product_tag-2-2","8":"pa_color-tela-arena","9":"pa_color-tela-hierro","10":"pa_color-tela-marfil","11":"pa_color-tela-plata","12":"pa_color-tela-acero","13":"pa_color-tela-beige","14":"pa_color-tela-madera","15":"pa_color-tela-mostaza","16":"pa_color-cuero-aviador-verde","17":"pa_color-cuero-brillant-bourdeaux","18":"pa_color-cuero-perla-antique","19":"pa_color-cuero-taupe","20":"pa_color-cuero-wax-cobrizado","21":"pa_color-cuero-wax-nogal","23":"first","24":"instock","25":"purchasable","26":"product-type-variable","27":"has-default-attributes"},"yoast_head":"<!-- This site is optimized with the Yoast SEO plugin v26.7 - https:\/\/yoast.com\/wordpress\/plugins\/seo\/ -->\n<title>Silla Venecia | Ebenezer Muebles<\/title>\n<meta name=\"robots\" content=\"index, follow, max-snippet:-1, max-image-preview:large, max-video-preview:-1\" \/>\n<link rel=\"canonical\" href=\"https:\/\/ebenezermuebles.com\/?product=silla-venecia\" \/>\n<meta property=\"og:locale\" content=\"es_ES\" \/>\n<meta property=\"og:type\" content=\"article\" \/>\n<meta property=\"og:title\" content=\"Silla Venecia | Ebenezer Muebles\" \/>\n<meta property=\"og:description\" content=\"Inspirada en la magia de los caf\u00e9s venecianos, esta silla es el lugar perfecto para perderse en pensamientos y conversaciones. Su dise\u00f1o minimalista es un homenaje a la belleza sin excesos, donde cada detalle es un gesto de refinamiento.  &nbsp;  &nbsp;  &nbsp;   La imagen del mueble hace referencia al dise\u00f1o, no al color.   El color lo eliges entre las opciones que tenemos disponibles.  Tapizados disponibles: Cuero nacional 100 % natural \/ Tela.  Material patas: Madera.  Espumas de altas densidades.  Estructura: Madera de pino seca y reforestada.\" \/>\n<meta property=\"og:url\" content=\"https:\/\/ebenezermuebles.com\/?product=silla-venecia\" \/>\n<meta property=\"og:site_name\" content=\"Ebenezer Muebles\" \/>\n<meta property=\"article:publisher\" content=\"https:\/\/www.facebook.com\/sofasebenezer\/\" \/>\n<meta property=\"article:modified_time\" content=\"2026-03-13T17:00:47+00:00\" \/>\n<meta property=\"og:image\" content=\"https:\/\/ebenezermuebles.com\/wp-content\/uploads\/2024\/02\/SILLA-VENECIA-5-1.png\" \/>\n\t<meta property=\"og:image:width\" content=\"1000\" \/>\n\t<meta property=\"og:image:height\" content=\"1000\" \/>\n\t<meta property=\"og:image:type\" content=\"image\/png\" \/>\n<meta name=\"twitter:card\" content=\"summary_large_image\" \/>\n<meta name=\"twitter:label1\" content=\"Tiempo de lectura\" \/>\n\t<meta name=\"twitter:data1\" content=\"1 minuto\" \/>\n<script type=\"application\/ld+json\" class=\"yoast-schema-graph\">{\"@context\":\"https:\/\/schema.org\",\"@graph\":[{\"@type\":\"WebPage\",\"@id\":\"https:\/\/ebenezermuebles.com\/?product=silla-venecia\",\"url\":\"https:\/\/ebenezermuebles.com\/?product=silla-venecia\",\"name\":\"Silla Venecia | Ebenezer Muebles\",\"isPartOf\":{\"@id\":\"https:\/\/ebenezermuebles.com\/#website\"},\"primaryImageOfPage\":{\"@id\":\"https:\/\/ebenezermuebles.com\/?product=silla-venecia#primaryimage\"},\"image\":{\"@id\":\"https:\/\/ebenezermuebles.com\/?product=silla-venecia#primaryimage\"},\"thumbnailUrl\":\"https:\/\/ebenezermuebles.com\/wp-content\/uploads\/2024\/02\/SILLA-VENECIA-5-1.png\",\"datePublished\":\"2024-02-14T15:20:46+00:00\",\"dateModified\":\"2026-03-13T17:00:47+00:00\",\"breadcrumb\":{\"@id\":\"https:\/\/ebenezermuebles.com\/?product=silla-venecia#breadcrumb\"},\"inLanguage\":\"es\",\"potentialAction\":[{\"@type\":\"ReadAction\",\"target\":[\"https:\/\/ebenezermuebles.com\/?product=silla-venecia\"]}]},{\"@type\":\"ImageObject\",\"inLanguage\":\"es\",\"@id\":\"https:\/\/ebenezermuebles.com\/?product=silla-venecia#primaryimage\",\"url\":\"https:\/\/ebenezermuebles.com\/wp-content\/uploads\/2024\/02\/SILLA-VENECIA-5-1.png\",\"contentUrl\":\"https:\/\/ebenezermuebles.com\/wp-content\/uploads\/2024\/02\/SILLA-VENECIA-5-1.png\",\"width\":1000,\"height\":1000},{\"@type\":\"BreadcrumbList\",\"@id\":\"https:\/\/ebenezermuebles.com\/?product=silla-venecia#breadcrumb\",\"itemListElement\":[{\"@type\":\"ListItem\",\"position\":1,\"name\":\"Portada\",\"item\":\"https:\/\/ebenezermuebles.com\/\"},{\"@type\":\"ListItem\",\"position\":2,\"name\":\"Tienda Virtual\",\"item\":\"https:\/\/ebenezermuebles.com\/?page_id=60\"},{\"@type\":\"ListItem\",\"position\":3,\"name\":\"Silla Venecia\"}]},{\"@type\":\"WebSite\",\"@id\":\"https:\/\/ebenezermuebles.com\/#website\",\"url\":\"https:\/\/ebenezermuebles.com\/\",\"name\":\"Ebenezer Muebles\",\"description\":\"Fabrica de muebles\",\"publisher\":{\"@id\":\"https:\/\/ebenezermuebles.com\/#organization\"},\"potentialAction\":[{\"@type\":\"SearchAction\",\"target\":{\"@type\":\"EntryPoint\",\"urlTemplate\":\"https:\/\/ebenezermuebles.com\/?s={search_term_string}\"},\"query-input\":{\"@type\":\"PropertyValueSpecification\",\"valueRequired\":true,\"valueName\":\"search_term_string\"}}],\"inLanguage\":\"es\"},{\"@type\":\"Organization\",\"@id\":\"https:\/\/ebenezermuebles.com\/#organization\",\"name\":\"Ebenezer Muebles\",\"url\":\"https:\/\/ebenezermuebles.com\/\",\"logo\":{\"@type\":\"ImageObject\",\"inLanguage\":\"es\",\"@id\":\"https:\/\/ebenezermuebles.com\/#\/schema\/logo\/image\/\",\"url\":\"https:\/\/ebenezermuebles.com\/wp-content\/uploads\/2024\/03\/logo-650.650.png\",\"contentUrl\":\"https:\/\/ebenezermuebles.com\/wp-content\/uploads\/2024\/03\/logo-650.650.png\",\"width\":650,\"height\":650,\"caption\":\"Ebenezer Muebles\"},\"image\":{\"@id\":\"https:\/\/ebenezermuebles.com\/#\/schema\/logo\/image\/\"},\"sameAs\":[\"https:\/\/www.facebook.com\/sofasebenezer\/\",\"https:\/\/www.instagram.com\/sofasebenezer\/\"]}]}<\/script>\n<!-- \/ Yoast SEO plugin. -->","yoast_head_json":{"title":"Silla Venecia | Ebenezer Muebles","robots":{"index":"index","follow":"follow","max-snippet":"max-snippet:-1","max-image-preview":"max-image-preview:large","max-video-preview":"max-video-preview:-1"},"canonical":"https:\/\/ebenezermuebles.com\/?product=silla-venecia","og_locale":"es_ES","og_type":"article","og_title":"Silla Venecia | Ebenezer Muebles","og_description":"Inspirada en la magia de los caf\u00e9s venecianos, esta silla es el lugar perfecto para perderse en pensamientos y conversaciones. Su dise\u00f1o minimalista es un homenaje a la belleza sin excesos, donde cada detalle es un gesto de refinamiento.  &nbsp;  &nbsp;  &nbsp;   La imagen del mueble hace referencia al dise\u00f1o, no al color.   El color lo eliges entre las opciones que tenemos disponibles.  Tapizados disponibles: Cuero nacional 100 % natural \/ Tela.  Material patas: Madera.  Espumas de altas densidades.  Estructura: Madera de pino seca y reforestada.","og_url":"https:\/\/ebenezermuebles.com\/?product=silla-venecia","og_site_name":"Ebenezer Muebles","article_publisher":"https:\/\/www.facebook.com\/sofasebenezer\/","article_modified_time":"2026-03-13T17:00:47+00:00","og_image":[{"width":1000,"height":1000,"url":"https:\/\/ebenezermuebles.com\/wp-content\/uploads\/2024\/02\/SILLA-VENECIA-5-1.png","type":"image\/png"}],"twitter_card":"summary_large_image","twitter_misc":{"Tiempo de lectura":"1 minuto"},"schema":{"@context":"https:\/\/schema.org","@graph":[{"@type":"WebPage","@id":"https:\/\/ebenezermuebles.com\/?product=silla-venecia","url":"https:\/\/ebenezermuebles.com\/?product=silla-venecia","name":"Silla Venecia | Ebenezer Muebles","isPartOf":{"@id":"https:\/\/ebenezermuebles.com\/#website"},"primaryImageOfPage":{"@id":"https:\/\/ebenezermuebles.com\/?product=silla-venecia#primaryimage"},"image":{"@id":"https:\/\/ebenezermuebles.com\/?product=silla-venecia#primaryimage"},"thumbnailUrl":"https:\/\/ebenezermuebles.com\/wp-content\/uploads\/2024\/02\/SILLA-VENECIA-5-1.png","datePublished":"2024-02-14T15:20:46+00:00","dateModified":"2026-03-13T17:00:47+00:00","breadcrumb":{"@id":"https:\/\/ebenezermuebles.com\/?product=silla-venecia#breadcrumb"},"inLanguage":"es","potentialAction":[{"@type":"ReadAction","target":["https:\/\/ebenezermuebles.com\/?product=silla-venecia"]}]},{"@type":"ImageObject","inLanguage":"es","@id":"https:\/\/ebenezermuebles.com\/?product=silla-venecia#primaryimage","url":"https:\/\/ebenezermuebles.com\/wp-content\/uploads\/2024\/02\/SILLA-VENECIA-5-1.png","contentUrl":"https:\/\/ebenezermuebles.com\/wp-content\/uploads\/2024\/02\/SILLA-VENECIA-5-1.png","width":1000,"height":1000},{"@type":"BreadcrumbList","@id":"https:\/\/ebenezermuebles.com\/?product=silla-venecia#breadcrumb","itemListElement":[{"@type":"ListItem","position":1,"name":"Portada","item":"https:\/\/ebenezermuebles.com\/"},{"@type":"ListItem","position":2,"name":"Tienda Virtual","item":"https:\/\/ebenezermuebles.com\/?page_id=60"},{"@type":"ListItem","position":3,"name":"Silla Venecia"}]},{"@type":"WebSite","@id":"https:\/\/ebenezermuebles.com\/#website","url":"https:\/\/ebenezermuebles.com\/","name":"Ebenezer Muebles","description":"Fabrica de muebles","publisher":{"@id":"https:\/\/ebenezermuebles.com\/#organization"},"potentialAction":[{"@type":"SearchAction","target":{"@type":"EntryPoint","urlTemplate":"https:\/\/ebenezermuebles.com\/?s={search_term_string}"},"query-input":{"@type":"PropertyValueSpecification","valueRequired":true,"valueName":"search_term_string"}}],"inLanguage":"es"},{"@type":"Organization","@id":"https:\/\/ebenezermuebles.com\/#organization","name":"Ebenezer Muebles","url":"https:\/\/ebenezermuebles.com\/","logo":{"@type":"ImageObject","inLanguage":"es","@id":"https:\/\/ebenezermuebles.com\/#\/schema\/logo\/image\/","url":"https:\/\/ebenezermuebles.com\/wp-content\/uploads\/2024\/03\/logo-650.650.png","contentUrl":"https:\/\/ebenezermuebles.com\/wp-content\/uploads\/2024\/03\/logo-650.650.png","width":650,"height":650,"caption":"Ebenezer Muebles"},"image":{"@id":"https:\/\/ebenezermuebles.com\/#\/schema\/logo\/image\/"},"sameAs":["https:\/\/www.facebook.com\/sofasebenezer\/","https:\/\/www.instagram.com\/sofasebenezer\/"]}]}},"_links":{"self":[{"href":"https:\/\/ebenezermuebles.com\/index.php?rest_route=\/wp\/v2\/product\/10324","targetHints":{"allow":["GET"]}}],"collection":[{"href":"https:\/\/ebenezermuebles.com\/index.php?rest_route=\/wp\/v2\/product"}],"about":[{"href":"https:\/\/ebenezermuebles.com\/index.php?rest_route=\/wp\/v2\/types\/product"}],"wp:featuredmedia":[{"embeddable":true,"href":"https:\/\/ebenezermuebles.com\/index.php?rest_route=\/wp\/v2\/media\/20930"}],"wp:attachment":[{"href":"https:\/\/ebenezermuebles.com\/index.php?rest_route=%2Fwp%2Fv2%2Fmedia&parent=10324"}],"wp:term":[{"taxonomy":"product_brand","embeddable":true,"href":"https:\/\/ebenezermuebles.com\/index.php?rest_route=%2Fwp%2Fv2%2Fproduct_brand&post=10324"},{"taxonomy":"product_cat","embeddable":true,"href":"https:\/\/ebenezermuebles.com\/index.php?rest_route=%2Fwp%2Fv2%2Fproduct_cat&post=10324"},{"taxonomy":"product_tag","embeddable":true,"href":"https:\/\/ebenezermuebles.com\/index.php?rest_route=%2Fwp%2Fv2%2Fproduct_tag&post=10324"}],"curies":[{"name":"wp","href":"https:\/\/api.w.org\/{rel}","templated":true}]}}