{"id":10846,"date":"2024-02-21T14:49:37","date_gmt":"2024-02-21T19:49:37","guid":{"rendered":"https:\/\/ebenezermuebles.com\/?post_type=product&#038;p=10846"},"modified":"2026-03-13T11:27:54","modified_gmt":"2026-03-13T16:27:54","slug":"mesa-equis-x","status":"publish","type":"product","link":"https:\/\/ebenezermuebles.com\/?product=mesa-equis-x","title":{"rendered":"Mesa Equis X"},"content":{"rendered":"<p><span style=\"font-size: 110%;\"><em><strong>1. Hecho\u00a0<\/strong><\/em><\/span><\/p>\n<p>Estructura: Lamina de acero<\/p>\n<p>Tapa: Piedra sinterizada BRILLANTE<\/p>\n<p><span style=\"font-size: 110%;\"><strong><em>2. Artesan\u00eda Excepcional:<\/em><\/strong><\/span><br \/>\nCada mueble que sale de nuestra f\u00e1brica es una obra maestra de artesan\u00eda. Nuestros artesanos altamente calificados dedican su experiencia y atenci\u00f3n al detalle en cada etapa del proceso de fabricaci\u00f3n, asegurando que cada pieza sea una expresi\u00f3n de calidad y elegancia.<\/p>\n","protected":false},"excerpt":{"rendered":"<p><strong><em><span style=\"font-size: 120%;\">M\u00e1s que una mesa, es el epicentro de reuniones y conversaciones. Su presencia discreta pero impactante crea un ambiente de lujo sin esfuerzo.<\/span><\/em><\/strong><\/p>\n<p>&nbsp;<\/p>\n<p>&nbsp;<\/p>\n<p>&nbsp;<\/p>\n<ul style=\"list-style-type: square;\">\n<li><span style=\"font-size: 90%;\">La imagen del mueble hace referencia al dise\u00f1o, no al color. El color lo eliges entre las opciones que tenemos disponibles.<\/span><\/li>\n<li><span style=\"font-size: 90%;\">Color disponible estructura: Negro, blanco y cobrizado<\/span><\/li>\n<li><span style=\"font-size: 90%;\">Color disponible tapa: Statuario Classic y Nero Marquinia<\/span><\/li>\n<li><span style=\"font-size: 90%;\">Material estructura: Lamina de acero<\/span><\/li>\n<li><span style=\"font-size: 90%;\">Material tapa: Piedra sinterizada BRILLANTE<\/span><\/li>\n<\/ul>\n","protected":false},"featured_media":20693,"template":"","meta":[],"product_brand":[],"product_cat":[183],"product_tag":[155],"class_list":{"0":"post-10846","1":"product","2":"type-product","3":"status-publish","4":"has-post-thumbnail","6":"product_cat-mesas-comedor","7":"product_tag-1-1","9":"first","10":"instock","11":"purchasable","12":"product-type-variable"},"yoast_head":"<!-- This site is optimized with the Yoast SEO plugin v26.7 - https:\/\/yoast.com\/wordpress\/plugins\/seo\/ -->\n<title>Mesa Equis X | Ebenezer Muebles<\/title>\n<meta name=\"robots\" content=\"index, follow, max-snippet:-1, max-image-preview:large, max-video-preview:-1\" \/>\n<link rel=\"canonical\" href=\"https:\/\/ebenezermuebles.com\/?product=mesa-equis-x\" \/>\n<meta property=\"og:locale\" content=\"es_ES\" \/>\n<meta property=\"og:type\" content=\"article\" \/>\n<meta property=\"og:title\" content=\"Mesa Equis X | Ebenezer Muebles\" \/>\n<meta property=\"og:description\" content=\"M\u00e1s que una mesa, es el epicentro de reuniones y conversaciones. Su presencia discreta pero impactante crea un ambiente de lujo sin esfuerzo.  &nbsp;  &nbsp;  &nbsp;   La imagen del mueble hace referencia al dise\u00f1o, no al color. El color lo eliges entre las opciones que tenemos disponibles.  Color disponible estructura: Negro, blanco y cobrizado  Color disponible tapa: Statuario Classic y Nero Marquinia  Material estructura: Lamina de acero  Material tapa: Piedra sinterizada BRILLANTE\" \/>\n<meta property=\"og:url\" content=\"https:\/\/ebenezermuebles.com\/?product=mesa-equis-x\" \/>\n<meta property=\"og:site_name\" content=\"Ebenezer Muebles\" \/>\n<meta property=\"article:publisher\" content=\"https:\/\/www.facebook.com\/sofasebenezer\/\" \/>\n<meta property=\"article:modified_time\" content=\"2026-03-13T16:27:54+00:00\" \/>\n<meta property=\"og:image\" content=\"https:\/\/ebenezermuebles.com\/wp-content\/uploads\/2024\/01\/MESA-BASE-X-5.png\" \/>\n\t<meta property=\"og:image:width\" content=\"1000\" \/>\n\t<meta property=\"og:image:height\" content=\"1000\" \/>\n\t<meta property=\"og:image:type\" content=\"image\/png\" \/>\n<meta name=\"twitter:card\" content=\"summary_large_image\" \/>\n<meta name=\"twitter:label1\" content=\"Tiempo de lectura\" \/>\n\t<meta name=\"twitter:data1\" content=\"1 minuto\" \/>\n<script type=\"application\/ld+json\" class=\"yoast-schema-graph\">{\"@context\":\"https:\/\/schema.org\",\"@graph\":[{\"@type\":\"WebPage\",\"@id\":\"https:\/\/ebenezermuebles.com\/?product=mesa-equis-x\",\"url\":\"https:\/\/ebenezermuebles.com\/?product=mesa-equis-x\",\"name\":\"Mesa Equis X | Ebenezer Muebles\",\"isPartOf\":{\"@id\":\"https:\/\/ebenezermuebles.com\/#website\"},\"primaryImageOfPage\":{\"@id\":\"https:\/\/ebenezermuebles.com\/?product=mesa-equis-x#primaryimage\"},\"image\":{\"@id\":\"https:\/\/ebenezermuebles.com\/?product=mesa-equis-x#primaryimage\"},\"thumbnailUrl\":\"https:\/\/ebenezermuebles.com\/wp-content\/uploads\/2024\/01\/MESA-BASE-X-5.png\",\"datePublished\":\"2024-02-21T19:49:37+00:00\",\"dateModified\":\"2026-03-13T16:27:54+00:00\",\"breadcrumb\":{\"@id\":\"https:\/\/ebenezermuebles.com\/?product=mesa-equis-x#breadcrumb\"},\"inLanguage\":\"es\",\"potentialAction\":[{\"@type\":\"ReadAction\",\"target\":[\"https:\/\/ebenezermuebles.com\/?product=mesa-equis-x\"]}]},{\"@type\":\"ImageObject\",\"inLanguage\":\"es\",\"@id\":\"https:\/\/ebenezermuebles.com\/?product=mesa-equis-x#primaryimage\",\"url\":\"https:\/\/ebenezermuebles.com\/wp-content\/uploads\/2024\/01\/MESA-BASE-X-5.png\",\"contentUrl\":\"https:\/\/ebenezermuebles.com\/wp-content\/uploads\/2024\/01\/MESA-BASE-X-5.png\",\"width\":1000,\"height\":1000},{\"@type\":\"BreadcrumbList\",\"@id\":\"https:\/\/ebenezermuebles.com\/?product=mesa-equis-x#breadcrumb\",\"itemListElement\":[{\"@type\":\"ListItem\",\"position\":1,\"name\":\"Portada\",\"item\":\"https:\/\/ebenezermuebles.com\/\"},{\"@type\":\"ListItem\",\"position\":2,\"name\":\"Tienda Virtual\",\"item\":\"https:\/\/ebenezermuebles.com\/?page_id=60\"},{\"@type\":\"ListItem\",\"position\":3,\"name\":\"Mesa Equis X\"}]},{\"@type\":\"WebSite\",\"@id\":\"https:\/\/ebenezermuebles.com\/#website\",\"url\":\"https:\/\/ebenezermuebles.com\/\",\"name\":\"Ebenezer Muebles\",\"description\":\"Fabrica de muebles\",\"publisher\":{\"@id\":\"https:\/\/ebenezermuebles.com\/#organization\"},\"potentialAction\":[{\"@type\":\"SearchAction\",\"target\":{\"@type\":\"EntryPoint\",\"urlTemplate\":\"https:\/\/ebenezermuebles.com\/?s={search_term_string}\"},\"query-input\":{\"@type\":\"PropertyValueSpecification\",\"valueRequired\":true,\"valueName\":\"search_term_string\"}}],\"inLanguage\":\"es\"},{\"@type\":\"Organization\",\"@id\":\"https:\/\/ebenezermuebles.com\/#organization\",\"name\":\"Ebenezer Muebles\",\"url\":\"https:\/\/ebenezermuebles.com\/\",\"logo\":{\"@type\":\"ImageObject\",\"inLanguage\":\"es\",\"@id\":\"https:\/\/ebenezermuebles.com\/#\/schema\/logo\/image\/\",\"url\":\"https:\/\/ebenezermuebles.com\/wp-content\/uploads\/2024\/03\/logo-650.650.png\",\"contentUrl\":\"https:\/\/ebenezermuebles.com\/wp-content\/uploads\/2024\/03\/logo-650.650.png\",\"width\":650,\"height\":650,\"caption\":\"Ebenezer Muebles\"},\"image\":{\"@id\":\"https:\/\/ebenezermuebles.com\/#\/schema\/logo\/image\/\"},\"sameAs\":[\"https:\/\/www.facebook.com\/sofasebenezer\/\",\"https:\/\/www.instagram.com\/sofasebenezer\/\"]}]}<\/script>\n<!-- \/ Yoast SEO plugin. -->","yoast_head_json":{"title":"Mesa Equis X | Ebenezer Muebles","robots":{"index":"index","follow":"follow","max-snippet":"max-snippet:-1","max-image-preview":"max-image-preview:large","max-video-preview":"max-video-preview:-1"},"canonical":"https:\/\/ebenezermuebles.com\/?product=mesa-equis-x","og_locale":"es_ES","og_type":"article","og_title":"Mesa Equis X | Ebenezer Muebles","og_description":"M\u00e1s que una mesa, es el epicentro de reuniones y conversaciones. Su presencia discreta pero impactante crea un ambiente de lujo sin esfuerzo.  &nbsp;  &nbsp;  &nbsp;   La imagen del mueble hace referencia al dise\u00f1o, no al color. El color lo eliges entre las opciones que tenemos disponibles.  Color disponible estructura: Negro, blanco y cobrizado  Color disponible tapa: Statuario Classic y Nero Marquinia  Material estructura: Lamina de acero  Material tapa: Piedra sinterizada BRILLANTE","og_url":"https:\/\/ebenezermuebles.com\/?product=mesa-equis-x","og_site_name":"Ebenezer Muebles","article_publisher":"https:\/\/www.facebook.com\/sofasebenezer\/","article_modified_time":"2026-03-13T16:27:54+00:00","og_image":[{"width":1000,"height":1000,"url":"https:\/\/ebenezermuebles.com\/wp-content\/uploads\/2024\/01\/MESA-BASE-X-5.png","type":"image\/png"}],"twitter_card":"summary_large_image","twitter_misc":{"Tiempo de lectura":"1 minuto"},"schema":{"@context":"https:\/\/schema.org","@graph":[{"@type":"WebPage","@id":"https:\/\/ebenezermuebles.com\/?product=mesa-equis-x","url":"https:\/\/ebenezermuebles.com\/?product=mesa-equis-x","name":"Mesa Equis X | Ebenezer Muebles","isPartOf":{"@id":"https:\/\/ebenezermuebles.com\/#website"},"primaryImageOfPage":{"@id":"https:\/\/ebenezermuebles.com\/?product=mesa-equis-x#primaryimage"},"image":{"@id":"https:\/\/ebenezermuebles.com\/?product=mesa-equis-x#primaryimage"},"thumbnailUrl":"https:\/\/ebenezermuebles.com\/wp-content\/uploads\/2024\/01\/MESA-BASE-X-5.png","datePublished":"2024-02-21T19:49:37+00:00","dateModified":"2026-03-13T16:27:54+00:00","breadcrumb":{"@id":"https:\/\/ebenezermuebles.com\/?product=mesa-equis-x#breadcrumb"},"inLanguage":"es","potentialAction":[{"@type":"ReadAction","target":["https:\/\/ebenezermuebles.com\/?product=mesa-equis-x"]}]},{"@type":"ImageObject","inLanguage":"es","@id":"https:\/\/ebenezermuebles.com\/?product=mesa-equis-x#primaryimage","url":"https:\/\/ebenezermuebles.com\/wp-content\/uploads\/2024\/01\/MESA-BASE-X-5.png","contentUrl":"https:\/\/ebenezermuebles.com\/wp-content\/uploads\/2024\/01\/MESA-BASE-X-5.png","width":1000,"height":1000},{"@type":"BreadcrumbList","@id":"https:\/\/ebenezermuebles.com\/?product=mesa-equis-x#breadcrumb","itemListElement":[{"@type":"ListItem","position":1,"name":"Portada","item":"https:\/\/ebenezermuebles.com\/"},{"@type":"ListItem","position":2,"name":"Tienda Virtual","item":"https:\/\/ebenezermuebles.com\/?page_id=60"},{"@type":"ListItem","position":3,"name":"Mesa Equis X"}]},{"@type":"WebSite","@id":"https:\/\/ebenezermuebles.com\/#website","url":"https:\/\/ebenezermuebles.com\/","name":"Ebenezer Muebles","description":"Fabrica de muebles","publisher":{"@id":"https:\/\/ebenezermuebles.com\/#organization"},"potentialAction":[{"@type":"SearchAction","target":{"@type":"EntryPoint","urlTemplate":"https:\/\/ebenezermuebles.com\/?s={search_term_string}"},"query-input":{"@type":"PropertyValueSpecification","valueRequired":true,"valueName":"search_term_string"}}],"inLanguage":"es"},{"@type":"Organization","@id":"https:\/\/ebenezermuebles.com\/#organization","name":"Ebenezer Muebles","url":"https:\/\/ebenezermuebles.com\/","logo":{"@type":"ImageObject","inLanguage":"es","@id":"https:\/\/ebenezermuebles.com\/#\/schema\/logo\/image\/","url":"https:\/\/ebenezermuebles.com\/wp-content\/uploads\/2024\/03\/logo-650.650.png","contentUrl":"https:\/\/ebenezermuebles.com\/wp-content\/uploads\/2024\/03\/logo-650.650.png","width":650,"height":650,"caption":"Ebenezer Muebles"},"image":{"@id":"https:\/\/ebenezermuebles.com\/#\/schema\/logo\/image\/"},"sameAs":["https:\/\/www.facebook.com\/sofasebenezer\/","https:\/\/www.instagram.com\/sofasebenezer\/"]}]}},"_links":{"self":[{"href":"https:\/\/ebenezermuebles.com\/index.php?rest_route=\/wp\/v2\/product\/10846","targetHints":{"allow":["GET"]}}],"collection":[{"href":"https:\/\/ebenezermuebles.com\/index.php?rest_route=\/wp\/v2\/product"}],"about":[{"href":"https:\/\/ebenezermuebles.com\/index.php?rest_route=\/wp\/v2\/types\/product"}],"wp:featuredmedia":[{"embeddable":true,"href":"https:\/\/ebenezermuebles.com\/index.php?rest_route=\/wp\/v2\/media\/20693"}],"wp:attachment":[{"href":"https:\/\/ebenezermuebles.com\/index.php?rest_route=%2Fwp%2Fv2%2Fmedia&parent=10846"}],"wp:term":[{"taxonomy":"product_brand","embeddable":true,"href":"https:\/\/ebenezermuebles.com\/index.php?rest_route=%2Fwp%2Fv2%2Fproduct_brand&post=10846"},{"taxonomy":"product_cat","embeddable":true,"href":"https:\/\/ebenezermuebles.com\/index.php?rest_route=%2Fwp%2Fv2%2Fproduct_cat&post=10846"},{"taxonomy":"product_tag","embeddable":true,"href":"https:\/\/ebenezermuebles.com\/index.php?rest_route=%2Fwp%2Fv2%2Fproduct_tag&post=10846"}],"curies":[{"name":"wp","href":"https:\/\/api.w.org\/{rel}","templated":true}]}}