{"id":6583,"date":"2020-05-20T13:22:24","date_gmt":"2020-05-20T18:22:24","guid":{"rendered":"http:\/\/ebenezermuebles.com\/product\/mesa-lucca\/"},"modified":"2025-09-02T06:28:53","modified_gmt":"2025-09-02T11:28:53","slug":"mesa-lucca","status":"publish","type":"product","link":"https:\/\/ebenezermuebles.com\/?product=mesa-lucca","title":{"rendered":"Mesa Lucca"},"content":{"rendered":"<ul style=\"list-style-type: square;\">\n<li>Colores disponibles: Duna, Bellota y Niebla.<\/li>\n<li>Material patas: Madera.<\/li>\n<li>Tapa: Tablero aglomerado de melamina. Es un tablero resistente a la humedad relativa del ambiente, termofundido con la l\u00e1mina decorativa. Dise\u00f1ado para ser usado en ambientes interiores.<\/li>\n<\/ul>\n","protected":false},"excerpt":{"rendered":"<p><span style=\"font-size: 120%;\"><em><strong>La mesa Lucca es el equilibrio perfecto entre sofisticaci\u00f3n y funcionalidad, un centro de reuni\u00f3n donde el dise\u00f1o habla con elegancia. <\/strong><\/em><\/span><\/p>\n<p>&nbsp;<\/p>\n<p>&nbsp;<\/p>\n<p>&nbsp;<\/p>\n<p><span style=\"font-size: 90%;\">La imagen de la mesa hace referencia al dise\u00f1o, no al color. <\/span><\/p>\n<ul style=\"list-style-type: square;\">\n<li><span style=\"font-size: 90%;\">El color lo eliges entre las opciones que tenemos disponibles.<\/span><\/li>\n<li><span style=\"font-size: 90%;\">Colores disponibles: Duna, Bellota y Niebla.<\/span><\/li>\n<li><span style=\"font-size: 90%;\">Material patas: Madera.<\/span><\/li>\n<li><span style=\"font-size: 90%;\">Tapa: Tablero aglomerado de melamina. Es un tablero resistente a la humedad relativa del ambiente, termofundido con la l\u00e1mina decorativa. Dise\u00f1ado para ser usado en ambientes interiores.<\/span><\/li>\n<\/ul>\n","protected":false},"featured_media":19288,"template":"","meta":[],"product_brand":[],"product_cat":[104],"product_tag":[],"class_list":{"0":"post-6583","1":"product","2":"type-product","3":"status-publish","4":"has-post-thumbnail","6":"product_cat-mesas-de-centro","8":"first","9":"instock","10":"purchasable","11":"product-type-variable"},"yoast_head":"<!-- This site is optimized with the Yoast SEO plugin v26.7 - https:\/\/yoast.com\/wordpress\/plugins\/seo\/ -->\n<title>Mesa Lucca | Ebenezer Muebles<\/title>\n<meta name=\"robots\" content=\"index, follow, max-snippet:-1, max-image-preview:large, max-video-preview:-1\" \/>\n<link rel=\"canonical\" href=\"https:\/\/ebenezermuebles.com\/?product=mesa-lucca\" \/>\n<meta property=\"og:locale\" content=\"es_ES\" \/>\n<meta property=\"og:type\" content=\"article\" \/>\n<meta property=\"og:title\" content=\"Mesa Lucca | Ebenezer Muebles\" \/>\n<meta property=\"og:description\" content=\"La mesa Lucca es el equilibrio perfecto entre sofisticaci\u00f3n y funcionalidad, un centro de reuni\u00f3n donde el dise\u00f1o habla con elegancia.   &nbsp;  &nbsp;  &nbsp;  La imagen de la mesa hace referencia al dise\u00f1o, no al color.    El color lo eliges entre las opciones que tenemos disponibles.  Colores disponibles: Duna, Bellota y Niebla.  Material patas: Madera.  Tapa: Tablero aglomerado de melamina. Es un tablero resistente a la humedad relativa del ambiente, termofundido con la l\u00e1mina decorativa. Dise\u00f1ado para ser usado en ambientes interiores.\" \/>\n<meta property=\"og:url\" content=\"https:\/\/ebenezermuebles.com\/?product=mesa-lucca\" \/>\n<meta property=\"og:site_name\" content=\"Ebenezer Muebles\" \/>\n<meta property=\"article:publisher\" content=\"https:\/\/www.facebook.com\/sofasebenezer\/\" \/>\n<meta property=\"article:modified_time\" content=\"2025-09-02T11:28:53+00:00\" \/>\n<meta property=\"og:image\" content=\"https:\/\/ebenezermuebles.com\/wp-content\/uploads\/2020\/05\/lucca-mesa-peque-2.jpg\" \/>\n\t<meta property=\"og:image:width\" content=\"600\" \/>\n\t<meta property=\"og:image:height\" content=\"230\" \/>\n\t<meta property=\"og:image:type\" content=\"image\/jpeg\" \/>\n<meta name=\"twitter:card\" content=\"summary_large_image\" \/>\n<meta name=\"twitter:label1\" content=\"Tiempo de lectura\" \/>\n\t<meta name=\"twitter:data1\" content=\"1 minuto\" \/>\n<script type=\"application\/ld+json\" class=\"yoast-schema-graph\">{\"@context\":\"https:\/\/schema.org\",\"@graph\":[{\"@type\":\"WebPage\",\"@id\":\"https:\/\/ebenezermuebles.com\/?product=mesa-lucca\",\"url\":\"https:\/\/ebenezermuebles.com\/?product=mesa-lucca\",\"name\":\"Mesa Lucca | Ebenezer Muebles\",\"isPartOf\":{\"@id\":\"https:\/\/ebenezermuebles.com\/#website\"},\"primaryImageOfPage\":{\"@id\":\"https:\/\/ebenezermuebles.com\/?product=mesa-lucca#primaryimage\"},\"image\":{\"@id\":\"https:\/\/ebenezermuebles.com\/?product=mesa-lucca#primaryimage\"},\"thumbnailUrl\":\"https:\/\/ebenezermuebles.com\/wp-content\/uploads\/2020\/05\/lucca-mesa-peque-2.jpg\",\"datePublished\":\"2020-05-20T18:22:24+00:00\",\"dateModified\":\"2025-09-02T11:28:53+00:00\",\"breadcrumb\":{\"@id\":\"https:\/\/ebenezermuebles.com\/?product=mesa-lucca#breadcrumb\"},\"inLanguage\":\"es\",\"potentialAction\":[{\"@type\":\"ReadAction\",\"target\":[\"https:\/\/ebenezermuebles.com\/?product=mesa-lucca\"]}]},{\"@type\":\"ImageObject\",\"inLanguage\":\"es\",\"@id\":\"https:\/\/ebenezermuebles.com\/?product=mesa-lucca#primaryimage\",\"url\":\"https:\/\/ebenezermuebles.com\/wp-content\/uploads\/2020\/05\/lucca-mesa-peque-2.jpg\",\"contentUrl\":\"https:\/\/ebenezermuebles.com\/wp-content\/uploads\/2020\/05\/lucca-mesa-peque-2.jpg\",\"width\":600,\"height\":230},{\"@type\":\"BreadcrumbList\",\"@id\":\"https:\/\/ebenezermuebles.com\/?product=mesa-lucca#breadcrumb\",\"itemListElement\":[{\"@type\":\"ListItem\",\"position\":1,\"name\":\"Portada\",\"item\":\"https:\/\/ebenezermuebles.com\/\"},{\"@type\":\"ListItem\",\"position\":2,\"name\":\"Tienda Virtual\",\"item\":\"https:\/\/ebenezermuebles.com\/?page_id=60\"},{\"@type\":\"ListItem\",\"position\":3,\"name\":\"Mesa Lucca\"}]},{\"@type\":\"WebSite\",\"@id\":\"https:\/\/ebenezermuebles.com\/#website\",\"url\":\"https:\/\/ebenezermuebles.com\/\",\"name\":\"Ebenezer Muebles\",\"description\":\"Fabrica de muebles\",\"publisher\":{\"@id\":\"https:\/\/ebenezermuebles.com\/#organization\"},\"potentialAction\":[{\"@type\":\"SearchAction\",\"target\":{\"@type\":\"EntryPoint\",\"urlTemplate\":\"https:\/\/ebenezermuebles.com\/?s={search_term_string}\"},\"query-input\":{\"@type\":\"PropertyValueSpecification\",\"valueRequired\":true,\"valueName\":\"search_term_string\"}}],\"inLanguage\":\"es\"},{\"@type\":\"Organization\",\"@id\":\"https:\/\/ebenezermuebles.com\/#organization\",\"name\":\"Ebenezer Muebles\",\"url\":\"https:\/\/ebenezermuebles.com\/\",\"logo\":{\"@type\":\"ImageObject\",\"inLanguage\":\"es\",\"@id\":\"https:\/\/ebenezermuebles.com\/#\/schema\/logo\/image\/\",\"url\":\"https:\/\/ebenezermuebles.com\/wp-content\/uploads\/2024\/03\/logo-650.650.png\",\"contentUrl\":\"https:\/\/ebenezermuebles.com\/wp-content\/uploads\/2024\/03\/logo-650.650.png\",\"width\":650,\"height\":650,\"caption\":\"Ebenezer Muebles\"},\"image\":{\"@id\":\"https:\/\/ebenezermuebles.com\/#\/schema\/logo\/image\/\"},\"sameAs\":[\"https:\/\/www.facebook.com\/sofasebenezer\/\",\"https:\/\/www.instagram.com\/sofasebenezer\/\"]}]}<\/script>\n<!-- \/ Yoast SEO plugin. -->","yoast_head_json":{"title":"Mesa Lucca | Ebenezer Muebles","robots":{"index":"index","follow":"follow","max-snippet":"max-snippet:-1","max-image-preview":"max-image-preview:large","max-video-preview":"max-video-preview:-1"},"canonical":"https:\/\/ebenezermuebles.com\/?product=mesa-lucca","og_locale":"es_ES","og_type":"article","og_title":"Mesa Lucca | Ebenezer Muebles","og_description":"La mesa Lucca es el equilibrio perfecto entre sofisticaci\u00f3n y funcionalidad, un centro de reuni\u00f3n donde el dise\u00f1o habla con elegancia.   &nbsp;  &nbsp;  &nbsp;  La imagen de la mesa hace referencia al dise\u00f1o, no al color.    El color lo eliges entre las opciones que tenemos disponibles.  Colores disponibles: Duna, Bellota y Niebla.  Material patas: Madera.  Tapa: Tablero aglomerado de melamina. Es un tablero resistente a la humedad relativa del ambiente, termofundido con la l\u00e1mina decorativa. Dise\u00f1ado para ser usado en ambientes interiores.","og_url":"https:\/\/ebenezermuebles.com\/?product=mesa-lucca","og_site_name":"Ebenezer Muebles","article_publisher":"https:\/\/www.facebook.com\/sofasebenezer\/","article_modified_time":"2025-09-02T11:28:53+00:00","og_image":[{"width":600,"height":230,"url":"https:\/\/ebenezermuebles.com\/wp-content\/uploads\/2020\/05\/lucca-mesa-peque-2.jpg","type":"image\/jpeg"}],"twitter_card":"summary_large_image","twitter_misc":{"Tiempo de lectura":"1 minuto"},"schema":{"@context":"https:\/\/schema.org","@graph":[{"@type":"WebPage","@id":"https:\/\/ebenezermuebles.com\/?product=mesa-lucca","url":"https:\/\/ebenezermuebles.com\/?product=mesa-lucca","name":"Mesa Lucca | Ebenezer Muebles","isPartOf":{"@id":"https:\/\/ebenezermuebles.com\/#website"},"primaryImageOfPage":{"@id":"https:\/\/ebenezermuebles.com\/?product=mesa-lucca#primaryimage"},"image":{"@id":"https:\/\/ebenezermuebles.com\/?product=mesa-lucca#primaryimage"},"thumbnailUrl":"https:\/\/ebenezermuebles.com\/wp-content\/uploads\/2020\/05\/lucca-mesa-peque-2.jpg","datePublished":"2020-05-20T18:22:24+00:00","dateModified":"2025-09-02T11:28:53+00:00","breadcrumb":{"@id":"https:\/\/ebenezermuebles.com\/?product=mesa-lucca#breadcrumb"},"inLanguage":"es","potentialAction":[{"@type":"ReadAction","target":["https:\/\/ebenezermuebles.com\/?product=mesa-lucca"]}]},{"@type":"ImageObject","inLanguage":"es","@id":"https:\/\/ebenezermuebles.com\/?product=mesa-lucca#primaryimage","url":"https:\/\/ebenezermuebles.com\/wp-content\/uploads\/2020\/05\/lucca-mesa-peque-2.jpg","contentUrl":"https:\/\/ebenezermuebles.com\/wp-content\/uploads\/2020\/05\/lucca-mesa-peque-2.jpg","width":600,"height":230},{"@type":"BreadcrumbList","@id":"https:\/\/ebenezermuebles.com\/?product=mesa-lucca#breadcrumb","itemListElement":[{"@type":"ListItem","position":1,"name":"Portada","item":"https:\/\/ebenezermuebles.com\/"},{"@type":"ListItem","position":2,"name":"Tienda Virtual","item":"https:\/\/ebenezermuebles.com\/?page_id=60"},{"@type":"ListItem","position":3,"name":"Mesa Lucca"}]},{"@type":"WebSite","@id":"https:\/\/ebenezermuebles.com\/#website","url":"https:\/\/ebenezermuebles.com\/","name":"Ebenezer Muebles","description":"Fabrica de muebles","publisher":{"@id":"https:\/\/ebenezermuebles.com\/#organization"},"potentialAction":[{"@type":"SearchAction","target":{"@type":"EntryPoint","urlTemplate":"https:\/\/ebenezermuebles.com\/?s={search_term_string}"},"query-input":{"@type":"PropertyValueSpecification","valueRequired":true,"valueName":"search_term_string"}}],"inLanguage":"es"},{"@type":"Organization","@id":"https:\/\/ebenezermuebles.com\/#organization","name":"Ebenezer Muebles","url":"https:\/\/ebenezermuebles.com\/","logo":{"@type":"ImageObject","inLanguage":"es","@id":"https:\/\/ebenezermuebles.com\/#\/schema\/logo\/image\/","url":"https:\/\/ebenezermuebles.com\/wp-content\/uploads\/2024\/03\/logo-650.650.png","contentUrl":"https:\/\/ebenezermuebles.com\/wp-content\/uploads\/2024\/03\/logo-650.650.png","width":650,"height":650,"caption":"Ebenezer Muebles"},"image":{"@id":"https:\/\/ebenezermuebles.com\/#\/schema\/logo\/image\/"},"sameAs":["https:\/\/www.facebook.com\/sofasebenezer\/","https:\/\/www.instagram.com\/sofasebenezer\/"]}]}},"_links":{"self":[{"href":"https:\/\/ebenezermuebles.com\/index.php?rest_route=\/wp\/v2\/product\/6583","targetHints":{"allow":["GET"]}}],"collection":[{"href":"https:\/\/ebenezermuebles.com\/index.php?rest_route=\/wp\/v2\/product"}],"about":[{"href":"https:\/\/ebenezermuebles.com\/index.php?rest_route=\/wp\/v2\/types\/product"}],"wp:featuredmedia":[{"embeddable":true,"href":"https:\/\/ebenezermuebles.com\/index.php?rest_route=\/wp\/v2\/media\/19288"}],"wp:attachment":[{"href":"https:\/\/ebenezermuebles.com\/index.php?rest_route=%2Fwp%2Fv2%2Fmedia&parent=6583"}],"wp:term":[{"taxonomy":"product_brand","embeddable":true,"href":"https:\/\/ebenezermuebles.com\/index.php?rest_route=%2Fwp%2Fv2%2Fproduct_brand&post=6583"},{"taxonomy":"product_cat","embeddable":true,"href":"https:\/\/ebenezermuebles.com\/index.php?rest_route=%2Fwp%2Fv2%2Fproduct_cat&post=6583"},{"taxonomy":"product_tag","embeddable":true,"href":"https:\/\/ebenezermuebles.com\/index.php?rest_route=%2Fwp%2Fv2%2Fproduct_tag&post=6583"}],"curies":[{"name":"wp","href":"https:\/\/api.w.org\/{rel}","templated":true}]}}