{"id":8266,"date":"2024-01-22T17:47:36","date_gmt":"2024-01-22T22:47:36","guid":{"rendered":"https:\/\/ebenezermuebles.com\/?post_type=product&#038;p=8266"},"modified":"2026-03-13T12:54:32","modified_gmt":"2026-03-13T17:54:32","slug":"comedor-nairobi","status":"publish","type":"product","link":"https:\/\/ebenezermuebles.com\/?product=comedor-nairobi","title":{"rendered":"Comedor Nairobi"},"content":{"rendered":"","protected":false},"excerpt":{"rendered":"<p><em><strong><span style=\"font-size: 120%;\">Las texturas naturales y los tonos c\u00e1lidos invitan a disfrutar de conversaciones largas, cenas reconfortantes y momentos compartidos que se sienten genuinos. M\u00e1s que un mueble, es un espacio donde la vida sucede con aut\u00e9ntica calidez.<\/span><\/strong><\/em><\/p>\n<p>&nbsp;<\/p>\n<p>&nbsp;<\/p>\n<p>&nbsp;<\/p>\n<p><span style=\"font-size: 90%;\">Referencia sillas: Soleil.<\/span><\/p>\n<ul style=\"list-style-type: square;\">\n<li><span style=\"font-size: 90%;\">Di\u00e1metro mesa: 120cm.<\/span><\/li>\n<li><span style=\"font-size: 90%;\">Dimensi\u00f3n mesa: 4 puestos.<\/span><\/li>\n<li><span style=\"font-size: 90%;\">Material tapa mesa: Madekor.<\/span><\/li>\n<li><span style=\"font-size: 90%;\">Material base mesa: Madera.<\/span><\/li>\n<li><span style=\"font-size: 90%;\">Color sillas, Natural o nogal.<\/span><\/li>\n<\/ul>\n","protected":false},"featured_media":20709,"template":"","meta":[],"product_brand":[],"product_cat":[138],"product_tag":[156],"class_list":{"0":"post-8266","1":"product","2":"type-product","3":"status-publish","4":"has-post-thumbnail","6":"product_cat-comedores","7":"product_tag-2-2","8":"pa_color-tela-arena","9":"pa_color-tela-hierro","10":"pa_color-tela-marfil","11":"pa_color-tela-plata","12":"pa_color-tela-acero","13":"pa_color-tela-beige","14":"pa_color-tela-madera","15":"pa_color-tela-mostaza","17":"first","18":"instock","19":"purchasable","20":"product-type-variable"},"yoast_head":"<!-- This site is optimized with the Yoast SEO plugin v26.7 - https:\/\/yoast.com\/wordpress\/plugins\/seo\/ -->\n<title>Comedor Nairobi | Ebenezer Muebles<\/title>\n<meta name=\"robots\" content=\"index, follow, max-snippet:-1, max-image-preview:large, max-video-preview:-1\" \/>\n<link rel=\"canonical\" href=\"https:\/\/ebenezermuebles.com\/?product=comedor-nairobi\" \/>\n<meta property=\"og:locale\" content=\"es_ES\" \/>\n<meta property=\"og:type\" content=\"article\" \/>\n<meta property=\"og:title\" content=\"Comedor Nairobi | Ebenezer Muebles\" \/>\n<meta property=\"og:description\" content=\"Las texturas naturales y los tonos c\u00e1lidos invitan a disfrutar de conversaciones largas, cenas reconfortantes y momentos compartidos que se sienten genuinos. M\u00e1s que un mueble, es un espacio donde la vida sucede con aut\u00e9ntica calidez.  &nbsp;  &nbsp;  &nbsp;  Referencia sillas: Soleil.   Di\u00e1metro mesa: 120cm.  Dimensi\u00f3n mesa: 4 puestos.  Material tapa mesa: Madekor.  Material base mesa: Madera.  Color sillas, Natural o nogal.\" \/>\n<meta property=\"og:url\" content=\"https:\/\/ebenezermuebles.com\/?product=comedor-nairobi\" \/>\n<meta property=\"og:site_name\" content=\"Ebenezer Muebles\" \/>\n<meta property=\"article:publisher\" content=\"https:\/\/www.facebook.com\/sofasebenezer\/\" \/>\n<meta property=\"article:modified_time\" content=\"2026-03-13T17:54:32+00:00\" \/>\n<meta property=\"og:image\" content=\"https:\/\/ebenezermuebles.com\/wp-content\/uploads\/2024\/01\/NAIROBI-6.png\" \/>\n\t<meta property=\"og:image:width\" content=\"1000\" \/>\n\t<meta property=\"og:image:height\" content=\"1000\" \/>\n\t<meta property=\"og:image:type\" content=\"image\/png\" \/>\n<meta name=\"twitter:card\" content=\"summary_large_image\" \/>\n<meta name=\"twitter:label1\" content=\"Tiempo de lectura\" \/>\n\t<meta name=\"twitter:data1\" content=\"1 minuto\" \/>\n<script type=\"application\/ld+json\" class=\"yoast-schema-graph\">{\"@context\":\"https:\/\/schema.org\",\"@graph\":[{\"@type\":\"WebPage\",\"@id\":\"https:\/\/ebenezermuebles.com\/?product=comedor-nairobi\",\"url\":\"https:\/\/ebenezermuebles.com\/?product=comedor-nairobi\",\"name\":\"Comedor Nairobi | Ebenezer Muebles\",\"isPartOf\":{\"@id\":\"https:\/\/ebenezermuebles.com\/#website\"},\"primaryImageOfPage\":{\"@id\":\"https:\/\/ebenezermuebles.com\/?product=comedor-nairobi#primaryimage\"},\"image\":{\"@id\":\"https:\/\/ebenezermuebles.com\/?product=comedor-nairobi#primaryimage\"},\"thumbnailUrl\":\"https:\/\/ebenezermuebles.com\/wp-content\/uploads\/2024\/01\/NAIROBI-6.png\",\"datePublished\":\"2024-01-22T22:47:36+00:00\",\"dateModified\":\"2026-03-13T17:54:32+00:00\",\"breadcrumb\":{\"@id\":\"https:\/\/ebenezermuebles.com\/?product=comedor-nairobi#breadcrumb\"},\"inLanguage\":\"es\",\"potentialAction\":[{\"@type\":\"ReadAction\",\"target\":[\"https:\/\/ebenezermuebles.com\/?product=comedor-nairobi\"]}]},{\"@type\":\"ImageObject\",\"inLanguage\":\"es\",\"@id\":\"https:\/\/ebenezermuebles.com\/?product=comedor-nairobi#primaryimage\",\"url\":\"https:\/\/ebenezermuebles.com\/wp-content\/uploads\/2024\/01\/NAIROBI-6.png\",\"contentUrl\":\"https:\/\/ebenezermuebles.com\/wp-content\/uploads\/2024\/01\/NAIROBI-6.png\",\"width\":1000,\"height\":1000},{\"@type\":\"BreadcrumbList\",\"@id\":\"https:\/\/ebenezermuebles.com\/?product=comedor-nairobi#breadcrumb\",\"itemListElement\":[{\"@type\":\"ListItem\",\"position\":1,\"name\":\"Portada\",\"item\":\"https:\/\/ebenezermuebles.com\/\"},{\"@type\":\"ListItem\",\"position\":2,\"name\":\"Tienda Virtual\",\"item\":\"https:\/\/ebenezermuebles.com\/?page_id=60\"},{\"@type\":\"ListItem\",\"position\":3,\"name\":\"Comedor Nairobi\"}]},{\"@type\":\"WebSite\",\"@id\":\"https:\/\/ebenezermuebles.com\/#website\",\"url\":\"https:\/\/ebenezermuebles.com\/\",\"name\":\"Ebenezer Muebles\",\"description\":\"Fabrica de muebles\",\"publisher\":{\"@id\":\"https:\/\/ebenezermuebles.com\/#organization\"},\"potentialAction\":[{\"@type\":\"SearchAction\",\"target\":{\"@type\":\"EntryPoint\",\"urlTemplate\":\"https:\/\/ebenezermuebles.com\/?s={search_term_string}\"},\"query-input\":{\"@type\":\"PropertyValueSpecification\",\"valueRequired\":true,\"valueName\":\"search_term_string\"}}],\"inLanguage\":\"es\"},{\"@type\":\"Organization\",\"@id\":\"https:\/\/ebenezermuebles.com\/#organization\",\"name\":\"Ebenezer Muebles\",\"url\":\"https:\/\/ebenezermuebles.com\/\",\"logo\":{\"@type\":\"ImageObject\",\"inLanguage\":\"es\",\"@id\":\"https:\/\/ebenezermuebles.com\/#\/schema\/logo\/image\/\",\"url\":\"https:\/\/ebenezermuebles.com\/wp-content\/uploads\/2024\/03\/logo-650.650.png\",\"contentUrl\":\"https:\/\/ebenezermuebles.com\/wp-content\/uploads\/2024\/03\/logo-650.650.png\",\"width\":650,\"height\":650,\"caption\":\"Ebenezer Muebles\"},\"image\":{\"@id\":\"https:\/\/ebenezermuebles.com\/#\/schema\/logo\/image\/\"},\"sameAs\":[\"https:\/\/www.facebook.com\/sofasebenezer\/\",\"https:\/\/www.instagram.com\/sofasebenezer\/\"]}]}<\/script>\n<!-- \/ Yoast SEO plugin. -->","yoast_head_json":{"title":"Comedor Nairobi | Ebenezer Muebles","robots":{"index":"index","follow":"follow","max-snippet":"max-snippet:-1","max-image-preview":"max-image-preview:large","max-video-preview":"max-video-preview:-1"},"canonical":"https:\/\/ebenezermuebles.com\/?product=comedor-nairobi","og_locale":"es_ES","og_type":"article","og_title":"Comedor Nairobi | Ebenezer Muebles","og_description":"Las texturas naturales y los tonos c\u00e1lidos invitan a disfrutar de conversaciones largas, cenas reconfortantes y momentos compartidos que se sienten genuinos. M\u00e1s que un mueble, es un espacio donde la vida sucede con aut\u00e9ntica calidez.  &nbsp;  &nbsp;  &nbsp;  Referencia sillas: Soleil.   Di\u00e1metro mesa: 120cm.  Dimensi\u00f3n mesa: 4 puestos.  Material tapa mesa: Madekor.  Material base mesa: Madera.  Color sillas, Natural o nogal.","og_url":"https:\/\/ebenezermuebles.com\/?product=comedor-nairobi","og_site_name":"Ebenezer Muebles","article_publisher":"https:\/\/www.facebook.com\/sofasebenezer\/","article_modified_time":"2026-03-13T17:54:32+00:00","og_image":[{"width":1000,"height":1000,"url":"https:\/\/ebenezermuebles.com\/wp-content\/uploads\/2024\/01\/NAIROBI-6.png","type":"image\/png"}],"twitter_card":"summary_large_image","twitter_misc":{"Tiempo de lectura":"1 minuto"},"schema":{"@context":"https:\/\/schema.org","@graph":[{"@type":"WebPage","@id":"https:\/\/ebenezermuebles.com\/?product=comedor-nairobi","url":"https:\/\/ebenezermuebles.com\/?product=comedor-nairobi","name":"Comedor Nairobi | Ebenezer Muebles","isPartOf":{"@id":"https:\/\/ebenezermuebles.com\/#website"},"primaryImageOfPage":{"@id":"https:\/\/ebenezermuebles.com\/?product=comedor-nairobi#primaryimage"},"image":{"@id":"https:\/\/ebenezermuebles.com\/?product=comedor-nairobi#primaryimage"},"thumbnailUrl":"https:\/\/ebenezermuebles.com\/wp-content\/uploads\/2024\/01\/NAIROBI-6.png","datePublished":"2024-01-22T22:47:36+00:00","dateModified":"2026-03-13T17:54:32+00:00","breadcrumb":{"@id":"https:\/\/ebenezermuebles.com\/?product=comedor-nairobi#breadcrumb"},"inLanguage":"es","potentialAction":[{"@type":"ReadAction","target":["https:\/\/ebenezermuebles.com\/?product=comedor-nairobi"]}]},{"@type":"ImageObject","inLanguage":"es","@id":"https:\/\/ebenezermuebles.com\/?product=comedor-nairobi#primaryimage","url":"https:\/\/ebenezermuebles.com\/wp-content\/uploads\/2024\/01\/NAIROBI-6.png","contentUrl":"https:\/\/ebenezermuebles.com\/wp-content\/uploads\/2024\/01\/NAIROBI-6.png","width":1000,"height":1000},{"@type":"BreadcrumbList","@id":"https:\/\/ebenezermuebles.com\/?product=comedor-nairobi#breadcrumb","itemListElement":[{"@type":"ListItem","position":1,"name":"Portada","item":"https:\/\/ebenezermuebles.com\/"},{"@type":"ListItem","position":2,"name":"Tienda Virtual","item":"https:\/\/ebenezermuebles.com\/?page_id=60"},{"@type":"ListItem","position":3,"name":"Comedor Nairobi"}]},{"@type":"WebSite","@id":"https:\/\/ebenezermuebles.com\/#website","url":"https:\/\/ebenezermuebles.com\/","name":"Ebenezer Muebles","description":"Fabrica de muebles","publisher":{"@id":"https:\/\/ebenezermuebles.com\/#organization"},"potentialAction":[{"@type":"SearchAction","target":{"@type":"EntryPoint","urlTemplate":"https:\/\/ebenezermuebles.com\/?s={search_term_string}"},"query-input":{"@type":"PropertyValueSpecification","valueRequired":true,"valueName":"search_term_string"}}],"inLanguage":"es"},{"@type":"Organization","@id":"https:\/\/ebenezermuebles.com\/#organization","name":"Ebenezer Muebles","url":"https:\/\/ebenezermuebles.com\/","logo":{"@type":"ImageObject","inLanguage":"es","@id":"https:\/\/ebenezermuebles.com\/#\/schema\/logo\/image\/","url":"https:\/\/ebenezermuebles.com\/wp-content\/uploads\/2024\/03\/logo-650.650.png","contentUrl":"https:\/\/ebenezermuebles.com\/wp-content\/uploads\/2024\/03\/logo-650.650.png","width":650,"height":650,"caption":"Ebenezer Muebles"},"image":{"@id":"https:\/\/ebenezermuebles.com\/#\/schema\/logo\/image\/"},"sameAs":["https:\/\/www.facebook.com\/sofasebenezer\/","https:\/\/www.instagram.com\/sofasebenezer\/"]}]}},"_links":{"self":[{"href":"https:\/\/ebenezermuebles.com\/index.php?rest_route=\/wp\/v2\/product\/8266","targetHints":{"allow":["GET"]}}],"collection":[{"href":"https:\/\/ebenezermuebles.com\/index.php?rest_route=\/wp\/v2\/product"}],"about":[{"href":"https:\/\/ebenezermuebles.com\/index.php?rest_route=\/wp\/v2\/types\/product"}],"wp:featuredmedia":[{"embeddable":true,"href":"https:\/\/ebenezermuebles.com\/index.php?rest_route=\/wp\/v2\/media\/20709"}],"wp:attachment":[{"href":"https:\/\/ebenezermuebles.com\/index.php?rest_route=%2Fwp%2Fv2%2Fmedia&parent=8266"}],"wp:term":[{"taxonomy":"product_brand","embeddable":true,"href":"https:\/\/ebenezermuebles.com\/index.php?rest_route=%2Fwp%2Fv2%2Fproduct_brand&post=8266"},{"taxonomy":"product_cat","embeddable":true,"href":"https:\/\/ebenezermuebles.com\/index.php?rest_route=%2Fwp%2Fv2%2Fproduct_cat&post=8266"},{"taxonomy":"product_tag","embeddable":true,"href":"https:\/\/ebenezermuebles.com\/index.php?rest_route=%2Fwp%2Fv2%2Fproduct_tag&post=8266"}],"curies":[{"name":"wp","href":"https:\/\/api.w.org\/{rel}","templated":true}]}}